{"id":233,"date":"2019-03-04T08:03:48","date_gmt":"2019-03-04T08:03:48","guid":{"rendered":"http:\/\/commonsupport.net\/newwp\/limerick\/?page_id=28"},"modified":"2023-03-01T15:48:37","modified_gmt":"2023-03-01T20:48:37","slug":"nosotros-1","status":"publish","type":"page","link":"https:\/\/solucionesespitia.com\/web\/nosotros-1\/","title":{"rendered":"Nosotros"},"content":{"rendered":"<p><section class=\"kc-elm kc-css-643554 kc_row\"><div class=\"kc-row-container\"><div class=\"kc-wrap-columns\"><div class=\"kc-elm kc-css-955691 kc_col-sm-12 kc_column kc_col-sm-12\"><div class=\"kc-col-container\"><!--Technology Section-->\r\n<section class=\"technology-section\">\r\n    <div class=\"circle-image\" style=\"background-image:url('https:\/\/solucionesespitia.com\/web\/wp-content\/uploads\/2023\/02\/cafeteria-1-1-300x300.png');\"><\/div>\r\n    <div class=\"auto-container\">\r\n        <div class=\"row clearfix\">\r\n            \r\n            <!--Content Column-->\r\n            <div class=\"content-column col-lg-6 col-md-12 col-sm-12\">\r\n                <div class=\"inner-column\">\r\n                    <h2>Somos Creadores<br> de Soluciones Integrales<\/h2>\r\n                    <div class=\"text\">Desde 1994 nos encargamos de darles soluciones r\u00e1pidas a las empresas colombianas, en nuestros inicios comenzamos atendiendo las necesidades de suministros de limpieza y cafeter\u00eda para organizaciones privadas y estatales, posicion\u00e1ndonos como un aliado r\u00e1pido y de precios competitivos que se adaptan a las diferentes necesidades de cada empresa, porque sabemos que todos tenemos necesidades diferentes. <\/div>\r\n                    \r\n\t\t\t\t\t                        <!--Feature Block-->\r\n                        <div class=\"feature-block\">\r\n                            <div class=\"feature-inner\">\r\n                                <h3><\/h3>\r\n                                <div class=\"feature-text\">La experiencia nos impulso a involucrarnos en otras l\u00edneas de negocio, Ferreter\u00eda surge como nuestra tercer l\u00ednea de negocio con la intenci\u00f3n de facilitarle la operaci\u00f3n a nuestros clientes actuales, gracias a nuestra infraestructura y las personas que conforman la operaci\u00f3n esta adaptaci\u00f3n en el mercado se logra implementar con rapidez y eficiencia, <\/div>\r\n                            <\/div>\r\n                        <\/div>\r\n                \t                        <!--Feature Block-->\r\n                        <div class=\"feature-block\">\r\n                            <div class=\"feature-inner\">\r\n                                <h3><\/h3>\r\n                                <div class=\"feature-text\">En los \u00faltimos 10 a\u00f1os nos posicionamos como una importante empresa en el sector de Contrataci\u00f3n Estatal, logrando operar con satisfacci\u00f3n mas de 1.000 contratos en a nivel Nacional para m\u00faltiples entidades.<\/div>\r\n                            <\/div>\r\n                        <\/div>\r\n                \t                        <!--Feature Block-->\r\n                        <div class=\"feature-block\">\r\n                            <div class=\"feature-inner\">\r\n                                <h3>Misi\u00f3n <\/h3>\r\n                                <div class=\"feature-text\">Satisfacer los requerimientos de nuestros clientes, mediante la fabricaci\u00f3n y distribuci\u00f3n de productos que cumplan con todos los est\u00e1ndares de calidad exigidos, construyendo un equipo humano id\u00f3neo y capacitado, que est\u00e1 siempre en b\u00fasqueda de la excelencia mediante la mejora continua en nuestro servicio, la eficiencia de los procesos, fundamentados en la creaci\u00f3n de valor y el compromiso con el medio ambiente.<\/div>\r\n                            <\/div>\r\n                        <\/div>\r\n                \t                        <!--Feature Block-->\r\n                        <div class=\"feature-block\">\r\n                            <div class=\"feature-inner\">\r\n                                <h3>Visi\u00f3n<\/h3>\r\n                                <div class=\"feature-text\">Para el a\u00f1o 2028 posicionarnos como una empresa l\u00edder, con reconocimiento a nivel nacional mediante la expansi\u00f3n y modernizaci\u00f3n industrial, innovando constantemente en el suministro de insumos, desarrollando una ventaja competitiva basados en los valores que gu\u00edan el accionar de nuestros colaboradores.<\/div>\r\n                            <\/div>\r\n                        <\/div>\r\n                \t                        <!--Feature Block-->\r\n                        <div class=\"feature-block\">\r\n                            <div class=\"feature-inner\">\r\n                                <h3>Valor<\/h3>\r\n                                <div class=\"feature-text\">La Tecnolog\u00eda junto a la optimizaci\u00f3n de procesos son dos pilares fundamentales para entregarle soluciones integrales a nuestros clientes, la efectividad y eficiencia la logramos por medio de nuestro equipo de profesionales y todo el cuerpo log\u00edstico que opera de forma r\u00e1pida y organizada, son estos los elementos que nos generan valor para ser el aliado estrat\u00e9gico de nuestros clientes.<\/div>\r\n                            <\/div>\r\n                        <\/div>\r\n                \t    \r\n                <\/div>\r\n            <\/div>\r\n            \r\n            <!--Image Column-->\r\n            <div class=\"image-column col-lg-6 col-md-12 col-sm-12\">\r\n                <div class=\"inner-column\">\r\n                    <div class=\"image wow slideInRight\">\r\n                        <img decoding=\"async\" src=\"https:\/\/solucionesespitia.com\/web\/wp-content\/uploads\/2023\/02\/SOLUCIONES-ESPITIA-LOGISTICA-WEB-1-1024x575.png\" alt=\"Awesome Image\" \/>\r\n                    <\/div>\r\n                <\/div>\r\n            <\/div>\r\n            \r\n        <\/div>\r\n    <\/div>\r\n<\/section>\r\n<!--End Technology Section--><\/div><\/div><\/div><\/div><\/section><section class=\"kc-elm kc-css-48006 kc_row\"><div class=\"kc-row-container\"><div class=\"kc-wrap-columns\"><div class=\"kc-elm kc-css-434431 kc_col-sm-12 kc_column kc_col-sm-12\"><div class=\"kc-col-container\"> \r\n \r\n\r\n<!--Testimonial Section-->\r\n<section class=\"testimonial-section\">\r\n    <div class=\"auto-container\">\r\n        <div class=\"single-item-carousel owl-carousel owl-theme\">\r\n                        <!--Testimonial Block-->\r\n            <div class=\"testimonial-block\">\r\n                <div class=\"inner-box\">\r\n                    <div class=\"image\">\r\n                        <img loading=\"lazy\" decoding=\"async\" width=\"370\" height=\"244\" src=\"https:\/\/solucionesespitia.com\/web\/wp-content\/uploads\/2019\/03\/Mario-Bogota-370x244.jpg\" class=\"attachment-limerick_114x114 size-limerick_114x114 wp-post-image\" alt=\"\" \/>                    <\/div>\r\n                    <div class=\"text\">Tengo una compa\u00f1\u00eda de mantenimientos locativos para empresas, atendemos todas las emergencias de inmediato que le surgen a mis clientes y junto con Soluciones Espitia ... <\/div>\r\n                    <h3>Mario Bogot\u00e1<\/h3>\r\n                    <div class=\"designation\">Cliente Feliz<\/div>\r\n                <\/div>\r\n            <\/div>\r\n                        <!--Testimonial Block-->\r\n            <div class=\"testimonial-block\">\r\n                <div class=\"inner-box\">\r\n                    <div class=\"image\">\r\n                        <img loading=\"lazy\" decoding=\"async\" width=\"370\" height=\"244\" src=\"https:\/\/solucionesespitia.com\/web\/wp-content\/uploads\/2019\/03\/Yessid-Guzman-370x244.jpg\" class=\"attachment-limerick_114x114 size-limerick_114x114 wp-post-image\" alt=\"\" \/>                    <\/div>\r\n                    <div class=\"text\">Supervise uno de los contratos de la entidad donde trabajo que contrato con Nelson Espitia y puedo decir que el orden de esta empresa se ... <\/div>\r\n                    <h3>Yessid Guzman<\/h3>\r\n                    <div class=\"designation\">Cliente Feliz <\/div>\r\n                <\/div>\r\n            <\/div>\r\n                        <!--Testimonial Block-->\r\n            <div class=\"testimonial-block\">\r\n                <div class=\"inner-box\">\r\n                    <div class=\"image\">\r\n                        <img loading=\"lazy\" decoding=\"async\" width=\"370\" height=\"244\" src=\"https:\/\/solucionesespitia.com\/web\/wp-content\/uploads\/2019\/03\/Andrea-Duenas-G-370x244.jpg\" class=\"attachment-limerick_114x114 size-limerick_114x114 wp-post-image\" alt=\"\" \/>                    <\/div>\r\n                    <div class=\"text\">Llevo m\u00e1s 10 a\u00f1os trabajando con Soluciones Espitia y es un alivio para mi contar con ellos ya que nuestra empresa cuenta con mas de ... <\/div>\r\n                    <h3>Andrea Due\u00f1as<\/h3>\r\n                    <div class=\"designation\">Clientes<\/div>\r\n                <\/div>\r\n            <\/div>\r\n                    <\/div>\r\n    <\/div>\r\n<\/section>\r\n<!--End Testimonial Section-->\r\n\r\n<\/div><\/div><\/div><\/div><\/section><section class=\"kc-elm kc-css-14192 kc_row\"><div class=\"kc-row-container  kc-container\"><div class=\"kc-wrap-columns\"><div class=\"kc-elm kc-css-673277 kc_col-sm-12 kc_column kc_col-sm-12\"><div class=\"kc-col-container\"><\/div><\/div><\/div><\/div><\/section><section class=\"kc-elm kc-css-291040 kc_row\"><div class=\"kc-row-container  kc-container\"><div class=\"kc-wrap-columns\"><div class=\"kc-elm kc-css-436387 kc_col-sm-12 kc_column kc_col-sm-12\"><div class=\"kc-col-container\"><!--Sponsors Section-->\r\n<section class=\"sponsors-section\">\r\n    <div class=\"auto-container\">\r\n        \r\n        <div class=\"sponsors-outer\">\r\n            <!--Sponsors Carousel-->\r\n            <ul class=\"sponsors-carousel owl-carousel owl-theme\">\r\n                                <li class=\"slide-item\"><figure class=\"image-box\"><a href=\"#\"><img decoding=\"async\" src=\"https:\/\/solucionesespitia.com\/web\/wp-content\/uploads\/2019\/03\/policia-metropolitana-soluciones-espitia-300x300.png\" alt=\"Awesome Image\"><\/a><\/figure><\/li>\r\n                                <li class=\"slide-item\"><figure class=\"image-box\"><a href=\"#\"><img decoding=\"async\" src=\"https:\/\/solucionesespitia.com\/web\/wp-content\/uploads\/2019\/03\/minmiinas-soluciones-espitia-300x300.png\" alt=\"Awesome Image\"><\/a><\/figure><\/li>\r\n                                <li class=\"slide-item\"><figure class=\"image-box\"><a href=\"#\"><img decoding=\"async\" src=\"https:\/\/solucionesespitia.com\/web\/wp-content\/uploads\/2019\/03\/mindefensa-soluciones-espitia-300x300.png\" alt=\"Awesome Image\"><\/a><\/figure><\/li>\r\n                                <li class=\"slide-item\"><figure class=\"image-box\"><a href=\"#\"><img decoding=\"async\" src=\"https:\/\/solucionesespitia.com\/web\/wp-content\/uploads\/2019\/03\/mincultura-soluciones-espitia-300x300.png\" alt=\"Awesome Image\"><\/a><\/figure><\/li>\r\n                                <li class=\"slide-item\"><figure class=\"image-box\"><a href=\"#\"><img decoding=\"async\" src=\"https:\/\/solucionesespitia.com\/web\/wp-content\/uploads\/2019\/03\/idipron-soluciones-espitia-300x300.png\" alt=\"Awesome Image\"><\/a><\/figure><\/li>\r\n                                <li class=\"slide-item\"><figure class=\"image-box\"><a href=\"#\"><img decoding=\"async\" src=\"https:\/\/solucionesespitia.com\/web\/wp-content\/uploads\/2019\/03\/ideam-soluciones-espitia-300x300.png\" alt=\"Awesome Image\"><\/a><\/figure><\/li>\r\n                                <li class=\"slide-item\"><figure class=\"image-box\"><a href=\"#\"><img decoding=\"async\" src=\"https:\/\/solucionesespitia.com\/web\/wp-content\/uploads\/2019\/03\/invima-soluciones-espitia-300x300.png\" alt=\"Awesome Image\"><\/a><\/figure><\/li>\r\n                                <li class=\"slide-item\"><figure class=\"image-box\"><a href=\"\"><img decoding=\"async\" src=\"https:\/\/solucionesespitia.com\/web\/wp-content\/uploads\/2019\/03\/inpec-soluciones-espitia-300x297.png\" alt=\"Awesome Image\"><\/a><\/figure><\/li>\r\n                                <li class=\"slide-item\"><figure class=\"image-box\"><a href=\"\"><img decoding=\"async\" src=\"https:\/\/solucionesespitia.com\/web\/wp-content\/uploads\/2019\/03\/idrd-soluciones-espitia-300x300.png\" alt=\"Awesome Image\"><\/a><\/figure><\/li>\r\n                                <li class=\"slide-item\"><figure class=\"image-box\"><a href=\"\"><img decoding=\"async\" src=\"https:\/\/solucionesespitia.com\/web\/wp-content\/uploads\/2019\/03\/fuerza-aerea-soluciones-espitia-300x300.png\" alt=\"Awesome Image\"><\/a><\/figure><\/li>\r\n                                <li class=\"slide-item\"><figure class=\"image-box\"><a href=\"\"><img decoding=\"async\" src=\"https:\/\/solucionesespitia.com\/web\/wp-content\/uploads\/2019\/03\/Acueducto-de-Bogota-2.png\" alt=\"Awesome Image\"><\/a><\/figure><\/li>\r\n                                <li class=\"slide-item\"><figure class=\"image-box\"><a href=\"\"><img decoding=\"async\" src=\"https:\/\/solucionesespitia.com\/web\/wp-content\/uploads\/2019\/03\/fiscalia-soluciones-espitia-300x300.png\" alt=\"Awesome Image\"><\/a><\/figure><\/li>\r\n                                <li class=\"slide-item\"><figure class=\"image-box\"><a href=\"\"><img decoding=\"async\" src=\"https:\/\/solucionesespitia.com\/web\/wp-content\/uploads\/2019\/03\/colombia-compra-eficiente-soluciones-espitia-300x300.png\" alt=\"Awesome Image\"><\/a><\/figure><\/li>\r\n                            <\/ul>\r\n        <\/div>\r\n        \r\n    <\/div>\r\n<\/section>\r\n<!--End Sponsors Section--><\/div><\/div><\/div><\/div><\/section><\/p>\n","protected":false},"excerpt":{"rendered":"","protected":false},"author":1,"featured_media":707,"parent":0,"menu_order":0,"comment_status":"closed","ping_status":"closed","template":"","meta":{"footnotes":""},"class_list":["post-233","page","type-page","status-publish","has-post-thumbnail","hentry"],"_links":{"self":[{"href":"https:\/\/solucionesespitia.com\/web\/wp-json\/wp\/v2\/pages\/233","targetHints":{"allow":["GET"]}}],"collection":[{"href":"https:\/\/solucionesespitia.com\/web\/wp-json\/wp\/v2\/pages"}],"about":[{"href":"https:\/\/solucionesespitia.com\/web\/wp-json\/wp\/v2\/types\/page"}],"author":[{"embeddable":true,"href":"https:\/\/solucionesespitia.com\/web\/wp-json\/wp\/v2\/users\/1"}],"replies":[{"embeddable":true,"href":"https:\/\/solucionesespitia.com\/web\/wp-json\/wp\/v2\/comments?post=233"}],"version-history":[{"count":0,"href":"https:\/\/solucionesespitia.com\/web\/wp-json\/wp\/v2\/pages\/233\/revisions"}],"wp:featuredmedia":[{"embeddable":true,"href":"https:\/\/solucionesespitia.com\/web\/wp-json\/wp\/v2\/media\/707"}],"wp:attachment":[{"href":"https:\/\/solucionesespitia.com\/web\/wp-json\/wp\/v2\/media?parent=233"}],"curies":[{"name":"wp","href":"https:\/\/api.w.org\/{rel}","templated":true}]}}